{"id":35623,"date":"2022-06-09T00:00:00","date_gmt":"2022-06-09T00:00:00","guid":{"rendered":"https:\/\/swr1.wpenginepowered.com\/?product=windows-server-datacenter-2019-16-core-rok"},"modified":"2022-06-09T20:37:20","modified_gmt":"2022-06-09T20:37:20","slug":"windows-server-datacenter-2019-16-core-rok-2","status":"publish","type":"product","link":"https:\/\/www.software-reuse.eu\/it\/shop\/windows-server-datacenter-2019-16-core-rok\/","title":{"rendered":"Windows Server Datacenter 2019 (16 Core) ROK"},"content":{"rendered":"<p>Windows Server Datacenter 2019 erlaubt die Installation einer unlimitierten Anzahl an Virtuellen Maschinen.<\/p>\n<p><b>Sprache(n): <\/b>Multilingual&nbsp;<\/p>\n<p><b>Lieferumfang: <\/b>Lizenzkit inkl. Medien, original Product Key Card (PKC) mit Seriennummer und Echtheitszertifikat.<\/p>\n<p>\"ROK\" steht f\u00fcr \"Reseller Option Kit\". Sie k\u00f6nnen mit dem Key jede Windows Server Datacenter 2019 Installation aktivieren.<\/p>\n<p><b>\u00dcbermittlungs des Aktivierungskeys \/ Installationsdateien \/ Aktivierung des Produkts:<\/b><\/p>\n<p>Versand der Lizenzpakets per Post.<\/p>\n<p><b>Installation g\u00fcltig f\u00fcr: <\/b>1 Server mit bis zu 16 Cores, unlimitierte Virtuelle Maschinen<\/p>\n<p><b>Plattform\/Mindestanforderungen:<\/b><\/p>\n<p>1,4-GHz-64-Bit-Prozessor mit NX\/DEP, SLAT sowie analog Windows 8.1 und Windows 10 auch die Funktionen CMPXCHG16b, LAHF\/SAHF, PrefetchW, 512 MB RAM, DVD-Laufwerk (nur zur Installation von DVD-Medien)<\/p>\n<p><b>Weitere Features:<\/b><\/p>\n<ul>\n<li>Neuware, Key noch nicht freigerubbelt<\/li>\n<li>Gepr\u00fcfte Originalsoftware<\/li>\n<li>Kommerzielle Vollversion (keine Home oder Student-Version etc.)<\/li>\n<\/ul>\n<p>&nbsp;<\/p>","protected":false},"excerpt":{"rendered":"<p>Windows Server Datacenter 2019 erlaubt die Installation einer unlimitierten Anzahl an Virtuellen Maschinen. Sprache(n): Multilingual&nbsp; Lieferumfang: Lizenzkit inkl. Medien, original Product Key Card (PKC) mit Seriennummer und Echtheitszertifikat. &#8220;ROK&#8221; steht f\u00fcr &#8220;Reseller Option Kit&#8221;. Sie k\u00f6nnen mit dem Key jede Windows Server Datacenter 2019 Installation aktivieren. \u00dcbermittlungs des Aktivierungskeys \/ Installationsdateien \/ Aktivierung des Produkts: [&hellip;]<\/p>\n","protected":false},"featured_media":35628,"template":"","meta":{"inline_featured_image":false},"product_cat":[7830],"product_tag":[],"class_list":{"0":"post-35623","1":"product","2":"type-product","3":"status-publish","4":"has-post-thumbnail","6":"product_cat-unkategorisiert","8":"first","9":"outofstock","10":"downloadable","11":"taxable","12":"shipping-taxable","13":"purchasable","14":"product-type-simple"},"_links":{"self":[{"href":"https:\/\/www.software-reuse.eu\/it\/wp-json\/wp\/v2\/product\/35623","targetHints":{"allow":["GET"]}}],"collection":[{"href":"https:\/\/www.software-reuse.eu\/it\/wp-json\/wp\/v2\/product"}],"about":[{"href":"https:\/\/www.software-reuse.eu\/it\/wp-json\/wp\/v2\/types\/product"}],"wp:featuredmedia":[{"embeddable":true,"href":"https:\/\/www.software-reuse.eu\/it\/wp-json\/wp\/v2\/media\/35628"}],"wp:attachment":[{"href":"https:\/\/www.software-reuse.eu\/it\/wp-json\/wp\/v2\/media?parent=35623"}],"wp:term":[{"taxonomy":"product_cat","embeddable":true,"href":"https:\/\/www.software-reuse.eu\/it\/wp-json\/wp\/v2\/product_cat?post=35623"},{"taxonomy":"product_tag","embeddable":true,"href":"https:\/\/www.software-reuse.eu\/it\/wp-json\/wp\/v2\/product_tag?post=35623"}],"curies":[{"name":"wp","href":"https:\/\/api.w.org\/{rel}","templated":true}]}}