{"id":54191,"date":"2020-12-18T01:00:00","date_gmt":"2020-12-18T00:00:00","guid":{"rendered":"https:\/\/swr1.wpenginepowered.com\/shop-product\/unkategorisiert\/acrobat-dc-2017-professional-2\/"},"modified":"2026-01-27T11:39:22","modified_gmt":"2026-01-27T10:39:22","slug":"acrobat-dc-2017-professional-2","status":"publish","type":"product","link":"https:\/\/www.software-reuse.eu\/it\/shop\/office\/acrobat-dc-2017-professional\/","title":{"rendered":"Acrobat DC 2017 Professional"},"content":{"rendered":"<p>Adobe Acrobat DC 2017 Professional \u00e8 un potente software che consente di creare, modificare, organizzare e condividere in modo sicuro i documenti PDF. \u00c8 la soluzione ideale per gli utenti professionali che desiderano creare e gestire documenti PDF di alta qualit\u00e0 con una qualit\u00e0 di prim'ordine.<\/p>","protected":false},"excerpt":{"rendered":"<p>Adobe Acrobat DC 2017 Professional \u00e8 un potente software che consente di creare, modificare, organizzare e condividere in modo sicuro i documenti PDF. \u00c8 la soluzione ideale per gli utenti professionali che desiderano creare e gestire documenti PDF di alta qualit\u00e0 con una qualit\u00e0 di prim&#8217;ordine.<\/p>\n","protected":false},"featured_media":41823,"template":"","meta":{"inline_featured_image":false},"product_cat":[8308,7662,7684],"product_tag":[],"class_list":{"0":"post-54191","1":"product","2":"type-product","3":"status-publish","4":"has-post-thumbnail","6":"product_cat-acrobat-2017-it","7":"product_cat-adobe-it","8":"product_cat-acrobat-it","9":"pa_betriebssysteme-mac-os-1010-yosemite-it","10":"pa_betriebssysteme-mac-os-1011-el-capitan-it","11":"pa_betriebssysteme-mac-os-1012-sierra-it","12":"pa_betriebssysteme-windows-10-it","13":"pa_betriebssysteme-windows-7-it","14":"pa_betriebssysteme-windows-8-it","15":"pa_betriebssysteme-windows-8-1-it","16":"pa_betriebssysteme-windows-xp-it","17":"pa_lizenzierung-nach-gerate-it","18":"pa_lizenzlaufzeit-kauflizenz-unlimitiert-nutzbar-it","19":"pa_lizenztyp-kommerziell-einsetzbare-volumenlizenz-it","20":"pa_maximal-erlaubte-installatio-zwei-gerate-bei-nicht-gleichzeitiger-benutzung-it","21":"pa_sprache-in-allen-europaischen-sprachen-it","22":"pa_zustand-wie-neu-it","24":"first","25":"outofstock","26":"downloadable","27":"taxable","28":"shipping-taxable","29":"purchasable","30":"product-type-simple"},"_links":{"self":[{"href":"https:\/\/www.software-reuse.eu\/it\/wp-json\/wp\/v2\/product\/54191","targetHints":{"allow":["GET"]}}],"collection":[{"href":"https:\/\/www.software-reuse.eu\/it\/wp-json\/wp\/v2\/product"}],"about":[{"href":"https:\/\/www.software-reuse.eu\/it\/wp-json\/wp\/v2\/types\/product"}],"wp:featuredmedia":[{"embeddable":true,"href":"https:\/\/www.software-reuse.eu\/it\/wp-json\/wp\/v2\/media\/41823"}],"wp:attachment":[{"href":"https:\/\/www.software-reuse.eu\/it\/wp-json\/wp\/v2\/media?parent=54191"}],"wp:term":[{"taxonomy":"product_cat","embeddable":true,"href":"https:\/\/www.software-reuse.eu\/it\/wp-json\/wp\/v2\/product_cat?post=54191"},{"taxonomy":"product_tag","embeddable":true,"href":"https:\/\/www.software-reuse.eu\/it\/wp-json\/wp\/v2\/product_tag?post=54191"}],"curies":[{"name":"wp","href":"https:\/\/api.w.org\/{rel}","templated":true}]}}