{"id":54302,"date":"2019-10-01T02:00:00","date_gmt":"2019-10-01T00:00:00","guid":{"rendered":"https:\/\/swr1.wpenginepowered.com\/shop-product\/senza-categoria\/office-professional-plus-2019-licenza\/"},"modified":"2026-01-29T09:37:47","modified_gmt":"2026-01-29T08:37:47","slug":"office-professional-plus-2019-licenza","status":"publish","type":"product","link":"https:\/\/www.software-reuse.eu\/it\/shop\/uncategorized\/office-professional-plus-2019-licenza\/","title":{"rendered":"Office Professional Plus 2019 Licenza"},"content":{"rendered":"<p>Office Professional Plus 2019 \u00e8 la suite di produttivit\u00e0 ideale per le aziende. Grazie a strumenti potenti come Word, Excel, PowerPoint e Outlook, \u00e8 possibile ottimizzare i processi aziendali e aumentare l'efficienza del lavoro. Create documenti, presentazioni ed e-mail professionali per raggiungere i vostri obiettivi e portare la vostra azienda a un livello superiore.<\/p>","protected":false},"excerpt":{"rendered":"<p>Office Professional Plus 2019 \u00e8 la suite di produttivit\u00e0 ideale per le aziende. Grazie a strumenti potenti come Word, Excel, PowerPoint e Outlook, \u00e8 possibile ottimizzare i processi aziendali e aumentare l&#8217;efficienza del lavoro. Create documenti, presentazioni ed e-mail professionali per raggiungere i vostri obiettivi e portare la vostra azienda a un livello superiore.<\/p>\n","protected":false},"featured_media":36220,"template":"","meta":{"inline_featured_image":false},"product_cat":[7110,7105],"product_tag":[],"class_list":{"0":"post-54302","1":"product","2":"type-product","3":"status-publish","4":"has-post-thumbnail","6":"product_cat-office-2019-licenze-di-volume","7":"product_cat-office","9":"first","10":"instock","11":"downloadable","12":"taxable","13":"shipping-taxable","14":"purchasable","15":"product-type-simple"},"_links":{"self":[{"href":"https:\/\/www.software-reuse.eu\/it\/wp-json\/wp\/v2\/product\/54302","targetHints":{"allow":["GET"]}}],"collection":[{"href":"https:\/\/www.software-reuse.eu\/it\/wp-json\/wp\/v2\/product"}],"about":[{"href":"https:\/\/www.software-reuse.eu\/it\/wp-json\/wp\/v2\/types\/product"}],"wp:featuredmedia":[{"embeddable":true,"href":"https:\/\/www.software-reuse.eu\/it\/wp-json\/wp\/v2\/media\/36220"}],"wp:attachment":[{"href":"https:\/\/www.software-reuse.eu\/it\/wp-json\/wp\/v2\/media?parent=54302"}],"wp:term":[{"taxonomy":"product_cat","embeddable":true,"href":"https:\/\/www.software-reuse.eu\/it\/wp-json\/wp\/v2\/product_cat?post=54302"},{"taxonomy":"product_tag","embeddable":true,"href":"https:\/\/www.software-reuse.eu\/it\/wp-json\/wp\/v2\/product_tag?post=54302"}],"curies":[{"name":"wp","href":"https:\/\/api.w.org\/{rel}","templated":true}]}}