{"id":56149,"date":"2026-01-27T11:55:19","date_gmt":"2026-01-27T10:55:19","guid":{"rendered":"https:\/\/www.software-reuse.eu\/shop-product\/senza-categoria\/vmware-vsan-8-advanced-1-processore\/"},"modified":"2026-01-27T11:55:58","modified_gmt":"2026-01-27T10:55:58","slug":"vmware-vsan-8-advanced-1-processore","status":"publish","type":"product","link":"https:\/\/www.software-reuse.eu\/it\/shop\/uncategorized\/vmware-vsan-8-advanced-1-processore\/","title":{"rendered":"VMware VSAN 8 Advanced 1 Processore"},"content":{"rendered":"<p>VMware vSphere 8 Enterprise Plus per 1 processore offre funzioni di virtualizzazione complete per aziende di tutte le dimensioni. Grazie alla gestione automatizzata delle risorse, all'elevata disponibilit\u00e0 e alla sicurezza migliorata, ottimizza l'infrastruttura IT e consente una scalabilit\u00e0 flessibile. Questa soluzione \u00e8 ideale per le aziende che desiderano aumentare l'efficienza dell'IT e allo stesso tempo ridurre i costi.<\/p>","protected":false},"excerpt":{"rendered":"<p>VMware vSphere 8 Enterprise Plus per 1 processore offre funzioni di virtualizzazione complete per aziende di tutte le dimensioni. Grazie alla gestione automatizzata delle risorse, all&#8217;elevata disponibilit\u00e0 e alla sicurezza migliorata, ottimizza l&#8217;infrastruttura IT e consente una scalabilit\u00e0 flessibile. Questa soluzione \u00e8 ideale per le aziende che desiderano aumentare l&#8217;efficienza dell&#8217;IT e allo stesso tempo [&hellip;]<\/p>\n","protected":false},"featured_media":0,"template":"","meta":{"inline_featured_image":false},"product_cat":[7522],"product_tag":[],"class_list":{"0":"post-56149","1":"product","2":"type-product","3":"status-publish","5":"product_cat-uncategorized","7":"first","8":"instock","9":"taxable","10":"shipping-taxable","11":"purchasable","12":"product-type-simple"},"_links":{"self":[{"href":"https:\/\/www.software-reuse.eu\/it\/wp-json\/wp\/v2\/product\/56149","targetHints":{"allow":["GET"]}}],"collection":[{"href":"https:\/\/www.software-reuse.eu\/it\/wp-json\/wp\/v2\/product"}],"about":[{"href":"https:\/\/www.software-reuse.eu\/it\/wp-json\/wp\/v2\/types\/product"}],"wp:attachment":[{"href":"https:\/\/www.software-reuse.eu\/it\/wp-json\/wp\/v2\/media?parent=56149"}],"wp:term":[{"taxonomy":"product_cat","embeddable":true,"href":"https:\/\/www.software-reuse.eu\/it\/wp-json\/wp\/v2\/product_cat?post=56149"},{"taxonomy":"product_tag","embeddable":true,"href":"https:\/\/www.software-reuse.eu\/it\/wp-json\/wp\/v2\/product_tag?post=56149"}],"curies":[{"name":"wp","href":"https:\/\/api.w.org\/{rel}","templated":true}]}}