{"id":56497,"date":"2017-11-14T01:00:00","date_gmt":"2017-11-14T00:00:00","guid":{"rendered":"https:\/\/www.software-reuse.eu\/shop-product\/senza-categoria\/windows-server-standard-2012\/"},"modified":"2026-04-28T11:12:11","modified_gmt":"2026-04-28T09:12:11","slug":"windows-server-standard-2012","status":"publish","type":"product","link":"https:\/\/www.software-reuse.eu\/it\/shop\/uncategorized\/windows-server-standard-2012\/","title":{"rendered":"Windows Server Standard 2012"},"content":{"rendered":"<p>Windows Server Standard 2012 \u00e8 una piattaforma server affidabile che supporta l'organizzazione nella gestione efficiente e nella scalabilit\u00e0 dell'infrastruttura IT. Grazie a funzioni complete come Active Directory, Remote Desktop Services e backup dei dati, fornisce una base affidabile per la fornitura di servizi e applicazioni. Windows Server Standard 2012 \u00e8 una soluzione comprovata per le organizzazioni che cercano stabilit\u00e0, prestazioni e scalabilit\u00e0 nel loro ambiente server.<\/p>","protected":false},"excerpt":{"rendered":"<p>Windows Server Standard 2012 \u00e8 una piattaforma server affidabile che supporta l&#8217;organizzazione nella gestione efficiente e nella scalabilit\u00e0 dell&#8217;infrastruttura IT. Grazie a funzioni complete come Active Directory, Remote Desktop Services e backup dei dati, fornisce una base affidabile per la fornitura di servizi e applicazioni. Windows Server Standard 2012 \u00e8 una soluzione comprovata per le [&hellip;]<\/p>\n","protected":false},"featured_media":36319,"template":"","meta":{"inline_featured_image":false},"product_cat":[8287],"product_tag":[],"class_list":{"0":"post-56497","1":"product","2":"type-product","3":"status-publish","4":"has-post-thumbnail","6":"product_cat-windows-server-2012-it","8":"first","9":"instock","10":"downloadable","11":"taxable","12":"shipping-taxable","13":"purchasable","14":"product-type-simple"},"_links":{"self":[{"href":"https:\/\/www.software-reuse.eu\/it\/wp-json\/wp\/v2\/product\/56497","targetHints":{"allow":["GET"]}}],"collection":[{"href":"https:\/\/www.software-reuse.eu\/it\/wp-json\/wp\/v2\/product"}],"about":[{"href":"https:\/\/www.software-reuse.eu\/it\/wp-json\/wp\/v2\/types\/product"}],"wp:featuredmedia":[{"embeddable":true,"href":"https:\/\/www.software-reuse.eu\/it\/wp-json\/wp\/v2\/media\/36319"}],"wp:attachment":[{"href":"https:\/\/www.software-reuse.eu\/it\/wp-json\/wp\/v2\/media?parent=56497"}],"wp:term":[{"taxonomy":"product_cat","embeddable":true,"href":"https:\/\/www.software-reuse.eu\/it\/wp-json\/wp\/v2\/product_cat?post=56497"},{"taxonomy":"product_tag","embeddable":true,"href":"https:\/\/www.software-reuse.eu\/it\/wp-json\/wp\/v2\/product_tag?post=56497"}],"curies":[{"name":"wp","href":"https:\/\/api.w.org\/{rel}","templated":true}]}}