{"id":56508,"date":"2016-10-28T02:00:00","date_gmt":"2016-10-28T00:00:00","guid":{"rendered":"https:\/\/www.software-reuse.eu\/shop-product\/senza-categoria\/windows-server-enterprise-2008-r2-licenza\/"},"modified":"2026-04-28T11:33:13","modified_gmt":"2026-04-28T09:33:13","slug":"windows-server-enterprise-2008-r2-licenza","status":"publish","type":"product","link":"https:\/\/www.software-reuse.eu\/it\/shop\/server-cals\/windows-server-cals\/windows-server-2008-r2\/windows-server-enterprise-2008-r2-licenza\/","title":{"rendered":"Windows Server Enterprise 2008 R2 Licenza"},"content":{"rendered":"<p>Windows Server Enterprise 2008 R2 \u00e8 una piattaforma server che offre l'opportunit\u00e0 di ottimizzare ed espandere l'infrastruttura IT. Grazie a funzionalit\u00e0 avanzate come la virtualizzazione, la gestione della sicurezza e la scalabilit\u00e0, questo software fornisce una base affidabile per i servizi aziendali pi\u00f9 esigenti. Windows Server Enterprise 2008 R2 consente di aumentare l'efficienza e di semplificare la gestione IT per massimizzare le prestazioni e l'affidabilit\u00e0.<\/p>","protected":false},"excerpt":{"rendered":"<p>Windows Server Enterprise 2008 R2 \u00e8 una piattaforma server che offre l&#8217;opportunit\u00e0 di ottimizzare ed espandere l&#8217;infrastruttura IT. Grazie a funzionalit\u00e0 avanzate come la virtualizzazione, la gestione della sicurezza e la scalabilit\u00e0, questo software fornisce una base affidabile per i servizi aziendali pi\u00f9 esigenti. Windows Server Enterprise 2008 R2 consente di aumentare l&#8217;efficienza e di [&hellip;]<\/p>\n","protected":false},"featured_media":36310,"template":"","meta":{"inline_featured_image":false},"product_cat":[8288,7671],"product_tag":[],"class_list":{"0":"post-56508","1":"product","2":"type-product","3":"status-publish","4":"has-post-thumbnail","6":"product_cat-windows-server-2008-r2-it","7":"product_cat-windows-server-cals-it","9":"first","10":"instock","11":"downloadable","12":"taxable","13":"shipping-taxable","14":"purchasable","15":"product-type-simple"},"_links":{"self":[{"href":"https:\/\/www.software-reuse.eu\/it\/wp-json\/wp\/v2\/product\/56508","targetHints":{"allow":["GET"]}}],"collection":[{"href":"https:\/\/www.software-reuse.eu\/it\/wp-json\/wp\/v2\/product"}],"about":[{"href":"https:\/\/www.software-reuse.eu\/it\/wp-json\/wp\/v2\/types\/product"}],"wp:featuredmedia":[{"embeddable":true,"href":"https:\/\/www.software-reuse.eu\/it\/wp-json\/wp\/v2\/media\/36310"}],"wp:attachment":[{"href":"https:\/\/www.software-reuse.eu\/it\/wp-json\/wp\/v2\/media?parent=56508"}],"wp:term":[{"taxonomy":"product_cat","embeddable":true,"href":"https:\/\/www.software-reuse.eu\/it\/wp-json\/wp\/v2\/product_cat?post=56508"},{"taxonomy":"product_tag","embeddable":true,"href":"https:\/\/www.software-reuse.eu\/it\/wp-json\/wp\/v2\/product_tag?post=56508"}],"curies":[{"name":"wp","href":"https:\/\/api.w.org\/{rel}","templated":true}]}}