{"id":56555,"date":"2022-11-21T14:14:49","date_gmt":"2022-11-21T13:14:49","guid":{"rendered":"https:\/\/www.software-reuse.eu\/shop-product\/senza-categoria\/adobe-acrobat-standard-dc-2017-inglese\/"},"modified":"2026-04-28T12:20:11","modified_gmt":"2026-04-28T10:20:11","slug":"adobe-acrobat-standard-dc-2017-inglese","status":"publish","type":"product","link":"https:\/\/www.software-reuse.eu\/it\/shop\/adobe\/acrobat\/acrobat-2017\/adobe-acrobat-standard-dc-2017-inglese\/","title":{"rendered":"Adobe Acrobat Standard DC 2017 Inglese"},"content":{"rendered":"<p>Adobe Acrobat Standard DC 2017 English \u00e8 un potente software per la creazione, la modifica e la gestione di documenti PDF. Grazie a strumenti efficienti, \u00e8 possibile creare, modificare e condividere facilmente PDF di qualit\u00e0 professionale. Questa versione inglese offre numerose opzioni per la gestione dei documenti e consente di collaborare facilmente in una lingua familiare.<\/p>","protected":false},"excerpt":{"rendered":"<p>Adobe Acrobat Standard DC 2017 English \u00e8 un potente software per la creazione, la modifica e la gestione di documenti PDF. Grazie a strumenti efficienti, \u00e8 possibile creare, modificare e condividere facilmente PDF di qualit\u00e0 professionale. Questa versione inglese offre numerose opzioni per la gestione dei documenti e consente di collaborare facilmente in una lingua [&hellip;]<\/p>\n","protected":false},"featured_media":39995,"template":"","meta":{"inline_featured_image":false},"product_cat":[8308,7662,7684],"product_tag":[],"class_list":{"0":"post-56555","1":"product","2":"type-product","3":"status-publish","4":"has-post-thumbnail","6":"product_cat-acrobat-2017-it","7":"product_cat-adobe-it","8":"product_cat-acrobat-it","9":"pa_betriebssysteme-windows-10-it","10":"pa_betriebssysteme-windows-7-it","11":"pa_betriebssysteme-windows-7-sp1-it","12":"pa_betriebssysteme-windows-8-it","13":"pa_betriebssysteme-windows-8-1-it","14":"pa_betriebssysteme-windows-server-2008-r2-it","15":"pa_betriebssysteme-windows-server-2012-it","16":"pa_betriebssysteme-windows-server-2012-r2-2-it","17":"pa_betriebssysteme-windows-server-2016-it","18":"pa_betriebssysteme-windows-server-2019-it","19":"pa_lizenzierung-nach-gerate-it","20":"pa_lizenzlaufzeit-kauflizenz-unlimitiert-nutzbar-it","21":"pa_lizenztyp-kommerziell-einsetzbare-volumenlizenz-it","22":"pa_maximal-erlaubte-installatio-zwei-gerate-bei-nicht-gleichzeitiger-benutzung-it","23":"pa_sprache-englisch-it","24":"pa_zustand-wie-neu-it","26":"first","27":"outofstock","28":"downloadable","29":"taxable","30":"shipping-taxable","31":"purchasable","32":"product-type-simple"},"_links":{"self":[{"href":"https:\/\/www.software-reuse.eu\/it\/wp-json\/wp\/v2\/product\/56555","targetHints":{"allow":["GET"]}}],"collection":[{"href":"https:\/\/www.software-reuse.eu\/it\/wp-json\/wp\/v2\/product"}],"about":[{"href":"https:\/\/www.software-reuse.eu\/it\/wp-json\/wp\/v2\/types\/product"}],"wp:featuredmedia":[{"embeddable":true,"href":"https:\/\/www.software-reuse.eu\/it\/wp-json\/wp\/v2\/media\/39995"}],"wp:attachment":[{"href":"https:\/\/www.software-reuse.eu\/it\/wp-json\/wp\/v2\/media?parent=56555"}],"wp:term":[{"taxonomy":"product_cat","embeddable":true,"href":"https:\/\/www.software-reuse.eu\/it\/wp-json\/wp\/v2\/product_cat?post=56555"},{"taxonomy":"product_tag","embeddable":true,"href":"https:\/\/www.software-reuse.eu\/it\/wp-json\/wp\/v2\/product_tag?post=56555"}],"curies":[{"name":"wp","href":"https:\/\/api.w.org\/{rel}","templated":true}]}}