{"id":56564,"date":"2016-05-08T02:00:00","date_gmt":"2016-05-08T00:00:00","guid":{"rendered":"https:\/\/www.software-reuse.eu\/shop-product\/senza-categoria\/adobe-creative-suite-6-master-collection-tedesco-versione-completa-per-windows-mac\/"},"modified":"2026-04-28T12:49:30","modified_gmt":"2026-04-28T10:49:30","slug":"adobe-creative-suite-6-master-collection-tedesco-versione-completa-per-windows-mac","status":"publish","type":"product","link":"https:\/\/www.software-reuse.eu\/it\/shop\/adobe\/adobe-creative-suite-6\/adobe-creative-suite-6-master-collection-tedesco-versione-completa-per-windows-mac\/","title":{"rendered":"Adobe Creative Suite 6 Master Collection Tedesco versione completa per Windows\/Mac"},"content":{"rendered":"<p>Adobe Creative Suite 6 Master Collection offre numerosi strumenti professionali per l'editing di grafica, video, audio e molto altro. Con la versione completa, la vostra creativit\u00e0 pu\u00f2 prendere vita in immagini e progetti di grande effetto. Lasciatevi impressionare dalle infinite possibilit\u00e0 di progettazione.&nbsp;<\/p>","protected":false},"excerpt":{"rendered":"<p>Adobe Creative Suite 6 Master Collection offre numerosi strumenti professionali per l&#8217;editing di grafica, video, audio e molto altro. Con la versione completa, la vostra creativit\u00e0 pu\u00f2 prendere vita in immagini e progetti di grande effetto. Lasciatevi impressionare dalle infinite possibilit\u00e0 di progettazione.&nbsp;<\/p>\n","protected":false},"featured_media":41804,"template":"","meta":{"inline_featured_image":false},"product_cat":[7692],"product_tag":[],"class_list":{"0":"post-56564","1":"product","2":"type-product","3":"status-publish","4":"has-post-thumbnail","6":"product_cat-adobe-creative-suite-6-it","7":"pa_betriebssysteme-mac-os-107-lion-en-it","8":"pa_betriebssysteme-mac-os-108-mountain-lion-en-it","9":"pa_betriebssysteme-mac-os-109-mavericks-it","10":"pa_betriebssysteme-mac-os-1010-yosemite-it","11":"pa_betriebssysteme-mac-os-1011-el-capitan-it","12":"pa_betriebssysteme-mac-os-1012-sierra-it","13":"pa_betriebssysteme-mac-os-1013-high-sierra-it","14":"pa_betriebssysteme-mac-os-1014-mojave-it","15":"pa_betriebssysteme-mac-os-106-snow-leopard-en-it","16":"pa_betriebssysteme-windows-7-it","17":"pa_betriebssysteme-windows-8-it","18":"pa_betriebssysteme-windows-10-it","19":"pa_betriebssysteme-windows-xp-it","20":"pa_betriebssysteme-windows-vista-it","21":"pa_lizenzierung-nach-gerate-it","22":"pa_lizenzlaufzeit-kauflizenz-unlimitiert-nutzbar-it","23":"pa_lizenztyp-kommerziell-einsetzbare-volumenlizenz-it","24":"pa_maximal-erlaubte-installatio-zwei-gerate-bei-nicht-gleichzeitiger-benutzung-it","25":"pa_programme-encore-it","26":"pa_programme-premiere-pro-it","27":"pa_programme-after-effects-it","28":"pa_programme-audition-it","29":"pa_programme-prelude-it","30":"pa_programme-media-encoder-it","31":"pa_programme-indesign-it","32":"pa_programme-photoshop-it","33":"pa_programme-illustrator-it","34":"pa_programme-acrobat-pro-it","35":"pa_programme-dreamweaver-it","36":"pa_programme-flash-it","37":"pa_programme-fireworks-it","38":"pa_programme-bridge-it","39":"pa_programme-photoshop-extended-it","40":"pa_sprache-deutsch-it","41":"pa_zustand-wie-neu-it","43":"first","44":"outofstock","45":"downloadable","46":"taxable","47":"shipping-taxable","48":"purchasable","49":"product-type-simple"},"_links":{"self":[{"href":"https:\/\/www.software-reuse.eu\/it\/wp-json\/wp\/v2\/product\/56564","targetHints":{"allow":["GET"]}}],"collection":[{"href":"https:\/\/www.software-reuse.eu\/it\/wp-json\/wp\/v2\/product"}],"about":[{"href":"https:\/\/www.software-reuse.eu\/it\/wp-json\/wp\/v2\/types\/product"}],"wp:featuredmedia":[{"embeddable":true,"href":"https:\/\/www.software-reuse.eu\/it\/wp-json\/wp\/v2\/media\/41804"}],"wp:attachment":[{"href":"https:\/\/www.software-reuse.eu\/it\/wp-json\/wp\/v2\/media?parent=56564"}],"wp:term":[{"taxonomy":"product_cat","embeddable":true,"href":"https:\/\/www.software-reuse.eu\/it\/wp-json\/wp\/v2\/product_cat?post=56564"},{"taxonomy":"product_tag","embeddable":true,"href":"https:\/\/www.software-reuse.eu\/it\/wp-json\/wp\/v2\/product_tag?post=56564"}],"curies":[{"name":"wp","href":"https:\/\/api.w.org\/{rel}","templated":true}]}}